{"id":40870,"date":"2025-03-05T09:48:03","date_gmt":"2025-03-05T09:48:03","guid":{"rendered":"https:\/\/merlinsourcing.com\/?page_id=40870"},"modified":"2025-03-05T10:28:40","modified_gmt":"2025-03-05T10:28:40","slug":"bme-elosungstage-2025","status":"publish","type":"page","link":"https:\/\/merlinsourcing.com\/de\/bme_elosungstage_2025\/","title":{"rendered":"BME eLosungstage 2025"},"content":{"rendered":"<div data-elementor-type=\"wp-page\" data-elementor-id=\"40870\" class=\"elementor elementor-40870\" data-elementor-settings=\"[]\">\n\t\t\t\t\t\t\t<div class=\"elementor-section-wrap\">\n\t\t\t\t\t\t\t<section class=\"elementor-section elementor-top-section elementor-element elementor-element-0e1d622 elementor-section-boxed elementor-section-height-default elementor-section-height-default\" data-id=\"0e1d622\" data-element_type=\"section\" data-settings=\"{&quot;background_background&quot;:&quot;classic&quot;}\">\n\t\t\t\t\t\t<div class=\"elementor-container elementor-column-gap-default\">\n\t\t\t\t\t<div class=\"elementor-column elementor-col-100 elementor-top-column elementor-widget-wrap elementor-element-populated elementor-element elementor-element-09712df\" data-id=\"09712df\" data-element_type=\"column\">\n\t\t\t\t\t\t\t\t\t\t<div class=\"elementor-element elementor-element-aeb60b5 elementor-icon-list--layout-inline elementor-list-item-link-inline breadcrumbs-last elementor-widget elementor-widget-icon-list\" data-id=\"aeb60b5\" data-element_type=\"widget\" data-widget_type=\"icon-list.default\">\n\t\t\t\t<div class=\"elementor-widget-container\">\n\t\t\t\t\t<ul class=\"elementor-icon-list-items elementor-inline-items\">\n\t\t\t\t\t\t\t<li class=\"elementor-icon-list-item elementor-inline-item\">\n\t\t\t\t\t\t\t\t\t\t\t<a href=\"https:\/\/merlinsourcing.com\/de\/\">\n\n\t\t\t\t\t\t\t\t\t\t\t<span class=\"elementor-icon-list-text\">Home<\/span>\n\t\t\t\t\t\t\t\t\t\t\t<\/a>\n\t\t\t\t\t\t\t\t\t<\/li>\n\t\t\t\t\t\t\t\t<li class=\"elementor-icon-list-item elementor-inline-item\">\n\t\t\t\t\t\t\t\t\t\t\t<span class=\"elementor-icon-list-icon\">\n\t\t\t\t\t\t\t<i aria-hidden=\"true\" class=\"fas fa-chevron-right\"><\/i>\t\t\t\t\t\t<\/span>\n\t\t\t\t\t\t\t\t\t\t<span class=\"elementor-icon-list-text\">BME eL\u00d6SUNGSTAGE 2025<\/span>\n\t\t\t\t\t\t\t\t\t<\/li>\n\t\t\t\t\t\t<\/ul>\n\t\t\t\t<\/div>\n\t\t\t\t<\/div>\n\t\t\t\t<\/div>\n\t\t\t\t\t\t\t<\/div>\n\t\t<\/section>\n\t\t\t\t<section class=\"elementor-section elementor-top-section elementor-element elementor-element-b06d546 elementor-section-boxed elementor-section-height-default elementor-section-height-default\" data-id=\"b06d546\" data-element_type=\"section\" data-settings=\"{&quot;background_background&quot;:&quot;classic&quot;}\">\n\t\t\t\t\t\t<div class=\"elementor-container elementor-column-gap-default\">\n\t\t\t\t\t<div class=\"elementor-column elementor-col-100 elementor-top-column elementor-widget-wrap elementor-element-populated elementor-element elementor-element-294607f\" data-id=\"294607f\" data-element_type=\"column\">\n\t\t\t\t\t\t\t\t\t\t<div class=\"elementor-element elementor-element-59f8cf8 elementor-widget elementor-widget-image\" data-id=\"59f8cf8\" data-element_type=\"widget\" data-widget_type=\"image.default\">\n\t\t\t\t<div class=\"elementor-widget-container\">\n\t\t\t\t\t\t\t\t\t\t\t\t\t\t\t<img loading=\"lazy\" decoding=\"async\" width=\"1920\" height=\"600\" src=\"https:\/\/merlinsourcing.com\/wp-content\/uploads\/2025\/03\/MeRLIN-BME-Event-Landing-Page-Banner.webp\" class=\"attachment-full size-full\" alt=\"\" style=\"width:100%;height:31.25%;max-width:1920px\" \/>\t\t\t\t\t\t\t\t\t\t\t\t\t\t\t<\/div>\n\t\t\t\t<\/div>\n\t\t\t\t<\/div>\n\t\t\t\t\t\t\t<\/div>\n\t\t<\/section>\n\t\t\t\t<section class=\"elementor-section elementor-top-section elementor-element elementor-element-d38c9e2 form-section elementor-section-boxed elementor-section-height-default elementor-section-height-default\" data-id=\"d38c9e2\" data-element_type=\"section\">\n\t\t\t\t\t\t<div class=\"elementor-container elementor-column-gap-default\">\n\t\t\t\t\t<div class=\"elementor-column elementor-col-100 elementor-top-column elementor-widget-wrap elementor-element-populated elementor-element elementor-element-6a88024 form-top\" data-id=\"6a88024\" data-element_type=\"column\">\n\t\t\t\t\t\t\t\t\t\t<div class=\"elementor-element elementor-element-c3028a8 elementor-widget elementor-widget-heading\" data-id=\"c3028a8\" data-element_type=\"widget\" data-widget_type=\"heading.default\">\n\t\t\t\t<div class=\"elementor-widget-container\">\n\t\t\t<h2 class=\"elementor-heading-title elementor-size-default\">Unlock the Future of Procurement at eL\u00d6SUNGSTAGE 2025<\/h2>\t\t<\/div>\n\t\t\t\t<\/div>\n\t\t\t\t<div class=\"elementor-element elementor-element-4613138 elementor-widget elementor-widget-heading\" data-id=\"4613138\" data-element_type=\"widget\" data-widget_type=\"heading.default\">\n\t\t\t\t<div class=\"elementor-widget-container\">\n\t\t\t<div class=\"elementor-heading-title elementor-size-default\">Join us at eL\u00d6SUNGSTAGE 2025 to explore the latest innovations shaping the future of procurement. Discover MeRLIN, a powerful procurement and supplier relationship management solution designed to help businesses streamline sourcing, mitigate risks, and enhance efficiency.<\/div>\t\t<\/div>\n\t\t\t\t<\/div>\n\t\t\t\t<div class=\"elementor-element elementor-element-7619b0f elementor-widget elementor-widget-heading\" data-id=\"7619b0f\" data-element_type=\"widget\" data-widget_type=\"heading.default\">\n\t\t\t\t<div class=\"elementor-widget-container\">\n\t\t\t<h2 class=\"elementor-heading-title elementor-size-default\">Why Attend?<\/h2>\t\t<\/div>\n\t\t\t\t<\/div>\n\t\t\t\t<div class=\"elementor-element elementor-element-317fb02 elementor-icon-list--layout-traditional elementor-list-item-link-full_width elementor-widget elementor-widget-icon-list\" data-id=\"317fb02\" data-element_type=\"widget\" data-widget_type=\"icon-list.default\">\n\t\t\t\t<div class=\"elementor-widget-container\">\n\t\t\t\t\t<ul class=\"elementor-icon-list-items\">\n\t\t\t\t\t\t\t<li class=\"elementor-icon-list-item\">\n\t\t\t\t\t\t\t\t\t\t\t<span class=\"elementor-icon-list-icon\">\n\t\t\t\t\t\t\t<i aria-hidden=\"true\" class=\"fas fa-check\"><\/i>\t\t\t\t\t\t<\/span>\n\t\t\t\t\t\t\t\t\t\t<span class=\"elementor-icon-list-text\"><b>Exclusive Insights:<\/b> Meet Marcus Martenstein, Regional Director Europe, for a personalized consultation.<\/span>\n\t\t\t\t\t\t\t\t\t<\/li>\n\t\t\t\t\t\t\t\t<li class=\"elementor-icon-list-item\">\n\t\t\t\t\t\t\t\t\t\t\t<span class=\"elementor-icon-list-icon\">\n\t\t\t\t\t\t\t<i aria-hidden=\"true\" class=\"fas fa-check\"><\/i>\t\t\t\t\t\t<\/span>\n\t\t\t\t\t\t\t\t\t\t<span class=\"elementor-icon-list-text\"><b>Transformative Solutions:<\/b> Experience how <b>MeRLIN<\/b> can optimize your procurement operations and drive efficiency.<\/span>\n\t\t\t\t\t\t\t\t\t<\/li>\n\t\t\t\t\t\t\t\t<li class=\"elementor-icon-list-item\">\n\t\t\t\t\t\t\t\t\t\t\t<span class=\"elementor-icon-list-icon\">\n\t\t\t\t\t\t\t<i aria-hidden=\"true\" class=\"fas fa-check\"><\/i>\t\t\t\t\t\t<\/span>\n\t\t\t\t\t\t\t\t\t\t<span class=\"elementor-icon-list-text\"><b>Networking Opportunities:<\/b> Connect with industry leaders and procurement professionals.<\/span>\n\t\t\t\t\t\t\t\t\t<\/li>\n\t\t\t\t\t\t<\/ul>\n\t\t\t\t<\/div>\n\t\t\t\t<\/div>\n\t\t\t\t<\/div>\n\t\t\t\t\t\t\t<\/div>\n\t\t<\/section>\n\t\t\t\t<section class=\"elementor-section elementor-top-section elementor-element elementor-element-403df88 elementor-section-boxed elementor-section-height-default elementor-section-height-default\" data-id=\"403df88\" data-element_type=\"section\">\n\t\t\t\t\t\t<div class=\"elementor-container elementor-column-gap-no\">\n\t\t\t\t\t<div class=\"elementor-column elementor-col-100 elementor-top-column elementor-widget-wrap elementor-element-populated elementor-element elementor-element-ef45d64\" data-id=\"ef45d64\" data-element_type=\"column\" data-settings=\"{&quot;background_background&quot;:&quot;classic&quot;}\">\n\t\t\t\t\t\t\t\t\t\t<div class=\"elementor-element elementor-element-810c708 elementor-view-stacked elementor-position-left elementor-vertical-align-middle elementor-widget__width-auto elementor-shape-circle elementor-widget elementor-widget-icon-box\" data-id=\"810c708\" data-element_type=\"widget\" data-widget_type=\"icon-box.default\">\n\t\t\t\t<div class=\"elementor-widget-container\">\n\t\t\t\t\t<div class=\"elementor-icon-box-wrapper\">\n\t\t\t\t\t\t<div class=\"elementor-icon-box-icon\">\n\t\t\t\t<span class=\"elementor-icon elementor-animation-\" >\n\t\t\t\t<i aria-hidden=\"true\" class=\"far fa-calendar-alt\"><\/i>\t\t\t\t<\/span>\n\t\t\t<\/div>\n\t\t\t\t\t\t<div class=\"elementor-icon-box-content\">\n\t\t\t\t<h3 class=\"elementor-icon-box-title\">\n\t\t\t\t\t<span  >\n\t\t\t\t\t\tDate\t\t\t\t\t<\/span>\n\t\t\t\t<\/h3>\n\t\t\t\t\t\t\t\t\t<p class=\"elementor-icon-box-description\">\n\t\t\t\t\t\t13-14 May 2025\t\t\t\t\t<\/p>\n\t\t\t\t\t\t\t<\/div>\n\t\t<\/div>\n\t\t\t\t<\/div>\n\t\t\t\t<\/div>\n\t\t\t\t<div class=\"elementor-element elementor-element-f577134 elementor-view-stacked elementor-position-left elementor-vertical-align-middle elementor-widget__width-auto elementor-shape-circle elementor-widget elementor-widget-icon-box\" data-id=\"f577134\" data-element_type=\"widget\" data-widget_type=\"icon-box.default\">\n\t\t\t\t<div class=\"elementor-widget-container\">\n\t\t\t\t\t<div class=\"elementor-icon-box-wrapper\">\n\t\t\t\t\t\t<div class=\"elementor-icon-box-icon\">\n\t\t\t\t<span class=\"elementor-icon elementor-animation-\" >\n\t\t\t\t<i aria-hidden=\"true\" class=\"fas fa-map-marked-alt\"><\/i>\t\t\t\t<\/span>\n\t\t\t<\/div>\n\t\t\t\t\t\t<div class=\"elementor-icon-box-content\">\n\t\t\t\t<h3 class=\"elementor-icon-box-title\">\n\t\t\t\t\t<span  >\n\t\t\t\t\t\tBooth & Venue:\t\t\t\t\t<\/span>\n\t\t\t\t<\/h3>\n\t\t\t\t\t\t\t\t\t<p class=\"elementor-icon-box-description\">\n\t\t\t\t\t\tStall 52 | D\u00fcsseldorf \t\t\t\t\t<\/p>\n\t\t\t\t\t\t\t<\/div>\n\t\t<\/div>\n\t\t\t\t<\/div>\n\t\t\t\t<\/div>\n\t\t\t\t<\/div>\n\t\t\t\t\t\t\t<\/div>\n\t\t<\/section>\n\t\t\t\t<section class=\"elementor-section elementor-top-section elementor-element elementor-element-8eefcaa elementor-section-boxed elementor-section-height-default elementor-section-height-default\" data-id=\"8eefcaa\" data-element_type=\"section\">\n\t\t\t\t\t\t<div class=\"elementor-container elementor-column-gap-default\">\n\t\t\t\t\t<div class=\"elementor-column elementor-col-100 elementor-top-column elementor-widget-wrap elementor-element-populated elementor-element elementor-element-51c0a2d\" data-id=\"51c0a2d\" data-element_type=\"column\">\n\t\t\t\t\t\t\t\t\t\t<div class=\"elementor-element elementor-element-f9bd7c9 elementor-widget elementor-widget-heading\" data-id=\"f9bd7c9\" data-element_type=\"widget\" data-widget_type=\"heading.default\">\n\t\t\t\t<div class=\"elementor-widget-container\">\n\t\t\t<h2 class=\"elementor-heading-title elementor-size-default\">Book Your Personalized Appointment Today<\/h2>\t\t<\/div>\n\t\t\t\t<\/div>\n\t\t\t\t<div class=\"elementor-element elementor-element-69bfbf8 elementor-widget elementor-widget-heading\" data-id=\"69bfbf8\" data-element_type=\"widget\" data-widget_type=\"heading.default\">\n\t\t\t\t<div class=\"elementor-widget-container\">\n\t\t\t<div class=\"elementor-heading-title elementor-size-default\">Don\u2019t miss this opportunity to gain actionable insights and transform your procurement strategy.<\/div>\t\t<\/div>\n\t\t\t\t<\/div>\n\t\t\t\t<div class=\"elementor-element elementor-element-7d40ed4 elementor-align-left elementor-widget elementor-widget-button\" data-id=\"7d40ed4\" data-element_type=\"widget\" data-widget_type=\"button.default\">\n\t\t\t\t<div class=\"elementor-widget-container\">\n\t\t\t\t\t<div class=\"elementor-button-wrapper\">\n\t\t\t<a href=\"https:\/\/calendly.com\/marcus-martenstein\/discovery\" target=\"_blank\" class=\"elementor-button-link elementor-button elementor-size-sm\" role=\"button\">\n\t\t\t\t\t\t<span class=\"elementor-button-content-wrapper\">\n\t\t\t\t\t\t<span class=\"elementor-button-text\">Schedule Your Appointment Now!<\/span>\n\t\t<\/span>\n\t\t\t\t\t<\/a>\n\t\t<\/div>\n\t\t\t\t<\/div>\n\t\t\t\t<\/div>\n\t\t\t\t<\/div>\n\t\t\t\t\t\t\t<\/div>\n\t\t<\/section>\n\t\t\t\t\t\t<\/div>\n\t\t\t\t\t<\/div>","protected":false},"excerpt":{"rendered":"<p>Home BME eL\u00d6SUNGSTAGE 2025 Unlock the Future of Procurement at eL\u00d6SUNGSTAGE 2025 Join us at eL\u00d6SUNGSTAGE 2025 to explore the latest innovations shaping the future of procurement. Discover MeRLIN, a powerful procurement and supplier relationship management solution designed to help businesses streamline sourcing, mitigate risks, and enhance efficiency. Why Attend? Exclusive Insights: Meet Marcus Martenstein,&hellip; <a class=\"more-link\" href=\"https:\/\/merlinsourcing.com\/de\/bme_elosungstage_2025\/\"><span class=\"screen-reader-text\">BME eLosungstage 2025<\/span> weiterlesen<\/a><\/p>","protected":false},"author":17,"featured_media":0,"parent":0,"menu_order":0,"comment_status":"closed","ping_status":"closed","template":"elementor_header_footer","meta":{"footnotes":""},"class_list":["post-40870","page","type-page","status-publish","hentry","entry"],"yoast_head":"<!-- This site is optimized with the Yoast SEO Premium plugin v24.4 (Yoast SEO v21.7) - https:\/\/yoast.com\/wordpress\/plugins\/seo\/ -->\n<title>BME eLosungstage 2025 - MeRLIN\u202f<\/title>\n<meta name=\"robots\" content=\"index, follow, max-snippet:-1, max-image-preview:large, max-video-preview:-1\" \/>\n<link rel=\"canonical\" href=\"https:\/\/merlinsourcing.com\/de\/bme_elosungstage_2025\/\" \/>\n<meta property=\"og:locale\" content=\"de_DE\" \/>\n<meta property=\"og:type\" content=\"article\" \/>\n<meta property=\"og:title\" content=\"BME eLosungstage 2025 - MeRLIN\u202f\" \/>\n<meta property=\"og:description\" content=\"Home BME eL\u00d6SUNGSTAGE 2025 Unlock the Future of Procurement at eL\u00d6SUNGSTAGE 2025 Join us at eL\u00d6SUNGSTAGE 2025 to explore the latest innovations shaping the future of procurement. Discover MeRLIN, a powerful procurement and supplier relationship management solution designed to help businesses streamline sourcing, mitigate risks, and enhance efficiency. Why Attend? Exclusive Insights: Meet Marcus Martenstein,&hellip; BME eLosungstage 2025 weiterlesen\" \/>\n<meta property=\"og:url\" content=\"https:\/\/merlinsourcing.com\/de\/bme_elosungstage_2025\/\" \/>\n<meta property=\"og:site_name\" content=\"MeRLIN\u202f\" \/>\n<meta property=\"article:publisher\" content=\"https:\/\/www.facebook.com\/MeRLINstrategicsourcing\" \/>\n<meta property=\"article:modified_time\" content=\"2025-03-05T10:28:40+00:00\" \/>\n<meta property=\"og:image\" content=\"https:\/\/merlinsourcing.com\/wp-content\/uploads\/2025\/03\/MeRLIN-BME-Event-Landing-Page-Banner.webp\" \/>\n<meta name=\"twitter:card\" content=\"summary_large_image\" \/>\n<meta name=\"twitter:site\" content=\"@MeRLINsourcing\" \/>\n<meta name=\"twitter:label1\" content=\"Gesch\u00e4tzte Lesezeit\" \/>\n\t<meta name=\"twitter:data1\" content=\"1 minute\" \/>\n<script type=\"application\/ld+json\" class=\"yoast-schema-graph\">{\"@context\":\"https:\/\/schema.org\",\"@graph\":[{\"@type\":\"WebPage\",\"@id\":\"https:\/\/merlinsourcing.com\/de\/bme_elosungstage_2025\/\",\"url\":\"https:\/\/merlinsourcing.com\/de\/bme_elosungstage_2025\/\",\"name\":\"BME eLosungstage 2025 - MeRLIN\u202f\",\"isPartOf\":{\"@id\":\"https:\/\/merlinsourcing.com\/de\/#website\"},\"datePublished\":\"2025-03-05T09:48:03+00:00\",\"dateModified\":\"2025-03-05T10:28:40+00:00\",\"breadcrumb\":{\"@id\":\"https:\/\/merlinsourcing.com\/de\/bme_elosungstage_2025\/#breadcrumb\"},\"inLanguage\":\"de-DE\",\"potentialAction\":[{\"@type\":\"ReadAction\",\"target\":[\"https:\/\/merlinsourcing.com\/de\/bme_elosungstage_2025\/\"]}]},{\"@type\":\"BreadcrumbList\",\"@id\":\"https:\/\/merlinsourcing.com\/de\/bme_elosungstage_2025\/#breadcrumb\",\"itemListElement\":[{\"@type\":\"ListItem\",\"position\":1,\"name\":\"Home\",\"item\":\"https:\/\/merlinsourcing.com\/\"},{\"@type\":\"ListItem\",\"position\":2,\"name\":\"BME eLosungstage 2025\"}]},{\"@type\":\"WebSite\",\"@id\":\"https:\/\/merlinsourcing.com\/de\/#website\",\"url\":\"https:\/\/merlinsourcing.com\/de\/\",\"name\":\"MeRLIN\u202f\",\"description\":\"Strategic Sourcing Simplified\",\"publisher\":{\"@id\":\"https:\/\/merlinsourcing.com\/de\/#organization\"},\"potentialAction\":[{\"@type\":\"SearchAction\",\"target\":{\"@type\":\"EntryPoint\",\"urlTemplate\":\"https:\/\/merlinsourcing.com\/de\/?s={search_term_string}\"},\"query-input\":\"required name=search_term_string\"}],\"inLanguage\":\"de-DE\"},{\"@type\":\"Organization\",\"@id\":\"https:\/\/merlinsourcing.com\/de\/#organization\",\"name\":\"MeRLIN\u202f\",\"url\":\"https:\/\/merlinsourcing.com\/de\/\",\"logo\":{\"@type\":\"ImageObject\",\"inLanguage\":\"de-DE\",\"@id\":\"https:\/\/merlinsourcing.com\/de\/#\/schema\/logo\/image\/\",\"url\":\"\",\"contentUrl\":\"\",\"caption\":\"MeRLIN\u202f\"},\"image\":{\"@id\":\"https:\/\/merlinsourcing.com\/de\/#\/schema\/logo\/image\/\"},\"sameAs\":[\"https:\/\/www.facebook.com\/MeRLINstrategicsourcing\",\"https:\/\/twitter.com\/MeRLINsourcing\"]}]}<\/script>\n<!-- \/ Yoast SEO Premium plugin. -->","yoast_head_json":{"title":"BME eLosungstage 2025 - MeRLIN\u202f","robots":{"index":"index","follow":"follow","max-snippet":"max-snippet:-1","max-image-preview":"max-image-preview:large","max-video-preview":"max-video-preview:-1"},"canonical":"https:\/\/merlinsourcing.com\/de\/bme_elosungstage_2025\/","og_locale":"de_DE","og_type":"article","og_title":"BME eLosungstage 2025 - MeRLIN\u202f","og_description":"Home BME eL\u00d6SUNGSTAGE 2025 Unlock the Future of Procurement at eL\u00d6SUNGSTAGE 2025 Join us at eL\u00d6SUNGSTAGE 2025 to explore the latest innovations shaping the future of procurement. Discover MeRLIN, a powerful procurement and supplier relationship management solution designed to help businesses streamline sourcing, mitigate risks, and enhance efficiency. Why Attend? Exclusive Insights: Meet Marcus Martenstein,&hellip; BME eLosungstage 2025 weiterlesen","og_url":"https:\/\/merlinsourcing.com\/de\/bme_elosungstage_2025\/","og_site_name":"MeRLIN\u202f","article_publisher":"https:\/\/www.facebook.com\/MeRLINstrategicsourcing","article_modified_time":"2025-03-05T10:28:40+00:00","og_image":[{"url":"https:\/\/merlinsourcing.com\/wp-content\/uploads\/2025\/03\/MeRLIN-BME-Event-Landing-Page-Banner.webp"}],"twitter_card":"summary_large_image","twitter_site":"@MeRLINsourcing","twitter_misc":{"Gesch\u00e4tzte Lesezeit":"1 minute"},"schema":{"@context":"https:\/\/schema.org","@graph":[{"@type":"WebPage","@id":"https:\/\/merlinsourcing.com\/de\/bme_elosungstage_2025\/","url":"https:\/\/merlinsourcing.com\/de\/bme_elosungstage_2025\/","name":"BME eLosungstage 2025 - MeRLIN\u202f","isPartOf":{"@id":"https:\/\/merlinsourcing.com\/de\/#website"},"datePublished":"2025-03-05T09:48:03+00:00","dateModified":"2025-03-05T10:28:40+00:00","breadcrumb":{"@id":"https:\/\/merlinsourcing.com\/de\/bme_elosungstage_2025\/#breadcrumb"},"inLanguage":"de-DE","potentialAction":[{"@type":"ReadAction","target":["https:\/\/merlinsourcing.com\/de\/bme_elosungstage_2025\/"]}]},{"@type":"BreadcrumbList","@id":"https:\/\/merlinsourcing.com\/de\/bme_elosungstage_2025\/#breadcrumb","itemListElement":[{"@type":"ListItem","position":1,"name":"Home","item":"https:\/\/merlinsourcing.com\/"},{"@type":"ListItem","position":2,"name":"BME eLosungstage 2025"}]},{"@type":"WebSite","@id":"https:\/\/merlinsourcing.com\/de\/#website","url":"https:\/\/merlinsourcing.com\/de\/","name":"MeRLIN\u202f","description":"Strategic Sourcing Simplified","publisher":{"@id":"https:\/\/merlinsourcing.com\/de\/#organization"},"potentialAction":[{"@type":"SearchAction","target":{"@type":"EntryPoint","urlTemplate":"https:\/\/merlinsourcing.com\/de\/?s={search_term_string}"},"query-input":"required name=search_term_string"}],"inLanguage":"de-DE"},{"@type":"Organization","@id":"https:\/\/merlinsourcing.com\/de\/#organization","name":"MeRLIN\u202f","url":"https:\/\/merlinsourcing.com\/de\/","logo":{"@type":"ImageObject","inLanguage":"de-DE","@id":"https:\/\/merlinsourcing.com\/de\/#\/schema\/logo\/image\/","url":"","contentUrl":"","caption":"MeRLIN\u202f"},"image":{"@id":"https:\/\/merlinsourcing.com\/de\/#\/schema\/logo\/image\/"},"sameAs":["https:\/\/www.facebook.com\/MeRLINstrategicsourcing","https:\/\/twitter.com\/MeRLINsourcing"]}]}},"_links":{"self":[{"href":"https:\/\/merlinsourcing.com\/de\/wp-json\/wp\/v2\/pages\/40870"}],"collection":[{"href":"https:\/\/merlinsourcing.com\/de\/wp-json\/wp\/v2\/pages"}],"about":[{"href":"https:\/\/merlinsourcing.com\/de\/wp-json\/wp\/v2\/types\/page"}],"author":[{"embeddable":true,"href":"https:\/\/merlinsourcing.com\/de\/wp-json\/wp\/v2\/users\/17"}],"replies":[{"embeddable":true,"href":"https:\/\/merlinsourcing.com\/de\/wp-json\/wp\/v2\/comments?post=40870"}],"version-history":[{"count":28,"href":"https:\/\/merlinsourcing.com\/de\/wp-json\/wp\/v2\/pages\/40870\/revisions"}],"predecessor-version":[{"id":40900,"href":"https:\/\/merlinsourcing.com\/de\/wp-json\/wp\/v2\/pages\/40870\/revisions\/40900"}],"wp:attachment":[{"href":"https:\/\/merlinsourcing.com\/de\/wp-json\/wp\/v2\/media?parent=40870"}],"curies":[{"name":"wp","href":"https:\/\/api.w.org\/{rel}","templated":true}]}}