{"id":40824,"date":"2025-02-24T06:00:29","date_gmt":"2025-02-24T06:00:29","guid":{"rendered":"https:\/\/merlinsourcing.com\/?page_id=40824"},"modified":"2025-02-24T07:50:05","modified_gmt":"2025-02-24T07:50:05","slug":"choosing-your-strategic-sourcing-and-procurement-solution-de","status":"publish","type":"page","link":"https:\/\/merlinsourcing.com\/de\/whitepaper\/choosing-your-strategic-sourcing-and-procurement-solution-de\/","title":{"rendered":"Choosing your strategic sourcing and Procurement Solution de"},"content":{"rendered":"<div data-elementor-type=\"wp-page\" data-elementor-id=\"40824\" class=\"elementor elementor-40824\" data-elementor-settings=\"[]\">\n\t\t\t\t\t\t\t<div class=\"elementor-section-wrap\">\n\t\t\t\t\t\t\t<section class=\"elementor-section elementor-top-section elementor-element elementor-element-4cc8996 elementor-section-boxed elementor-section-height-default elementor-section-height-default\" data-id=\"4cc8996\" data-element_type=\"section\" data-settings=\"{&quot;background_background&quot;:&quot;classic&quot;}\">\n\t\t\t\t\t\t<div class=\"elementor-container elementor-column-gap-default\">\n\t\t\t\t\t<div class=\"elementor-column elementor-col-100 elementor-top-column elementor-widget-wrap elementor-element-populated elementor-element elementor-element-1ddc810\" data-id=\"1ddc810\" data-element_type=\"column\">\n\t\t\t\t\t\t\t\t\t\t<div class=\"elementor-element elementor-element-35bde6c elementor-icon-list--layout-inline elementor-list-item-link-inline breadcrumbs-last elementor-widget elementor-widget-icon-list\" data-id=\"35bde6c\" data-element_type=\"widget\" data-widget_type=\"icon-list.default\">\n\t\t\t\t<div class=\"elementor-widget-container\">\n\t\t\t\t\t<ul class=\"elementor-icon-list-items elementor-inline-items\">\n\t\t\t\t\t\t\t<li class=\"elementor-icon-list-item elementor-inline-item\">\n\t\t\t\t\t\t\t\t\t\t\t<a href=\"https:\/\/merlinsourcing.com\/de\/\">\n\n\t\t\t\t\t\t\t\t\t\t\t<span class=\"elementor-icon-list-text\">Home<\/span>\n\t\t\t\t\t\t\t\t\t\t\t<\/a>\n\t\t\t\t\t\t\t\t\t<\/li>\n\t\t\t\t\t\t\t\t<li class=\"elementor-icon-list-item elementor-inline-item\">\n\t\t\t\t\t\t\t\t\t\t\t<span class=\"elementor-icon-list-icon\">\n\t\t\t\t\t\t\t<i aria-hidden=\"true\" class=\"fas fa-chevron-right\"><\/i>\t\t\t\t\t\t<\/span>\n\t\t\t\t\t\t\t\t\t\t<span class=\"elementor-icon-list-text\">Whitepaper<\/span>\n\t\t\t\t\t\t\t\t\t<\/li>\n\t\t\t\t\t\t\t\t<li class=\"elementor-icon-list-item elementor-inline-item\">\n\t\t\t\t\t\t\t\t\t\t\t<span class=\"elementor-icon-list-icon\">\n\t\t\t\t\t\t\t<i aria-hidden=\"true\" class=\"fas fa-chevron-right\"><\/i>\t\t\t\t\t\t<\/span>\n\t\t\t\t\t\t\t\t\t\t<span class=\"elementor-icon-list-text\">Ihr Leitfaden zur Auswahl der richtigen strategischen Beschaffungsl\u00f6sung <\/span>\n\t\t\t\t\t\t\t\t\t<\/li>\n\t\t\t\t\t\t<\/ul>\n\t\t\t\t<\/div>\n\t\t\t\t<\/div>\n\t\t\t\t<\/div>\n\t\t\t\t\t\t\t<\/div>\n\t\t<\/section>\n\t\t\t\t<section class=\"elementor-section elementor-top-section elementor-element elementor-element-18580b8 elementor-section-boxed elementor-section-height-default elementor-section-height-default\" data-id=\"18580b8\" data-element_type=\"section\" data-settings=\"{&quot;background_background&quot;:&quot;classic&quot;}\">\n\t\t\t\t\t\t<div class=\"elementor-container elementor-column-gap-default\">\n\t\t\t\t\t<div class=\"elementor-column elementor-col-100 elementor-top-column elementor-widget-wrap elementor-element-populated elementor-element elementor-element-b5a1787\" data-id=\"b5a1787\" data-element_type=\"column\">\n\t\t\t\t\t\t\t\t\t\t<div class=\"elementor-element elementor-element-3083aea elementor-widget elementor-widget-heading\" data-id=\"3083aea\" data-element_type=\"widget\" data-widget_type=\"heading.default\">\n\t\t\t\t<div class=\"elementor-widget-container\">\n\t\t\t<h2 class=\"elementor-heading-title elementor-size-default\">Whitepaper: Ihr Leitfaden zur Auswahl der<br> richtigen strategischen Beschaffungsl\u00f6sung <\/h2>\t\t<\/div>\n\t\t\t\t<\/div>\n\t\t\t\t<\/div>\n\t\t\t\t\t\t\t<\/div>\n\t\t<\/section>\n\t\t\t\t<section class=\"elementor-section elementor-top-section elementor-element elementor-element-931e659 elementor-section-boxed elementor-section-height-default elementor-section-height-default\" data-id=\"931e659\" data-element_type=\"section\">\n\t\t\t\t\t\t<div class=\"elementor-container elementor-column-gap-default\">\n\t\t\t\t\t<div class=\"elementor-column elementor-col-50 elementor-top-column elementor-widget-wrap elementor-element-populated elementor-element elementor-element-4ebf8d6 form-top\" data-id=\"4ebf8d6\" data-element_type=\"column\">\n\t\t\t\t\t\t\t\t\t\t<div class=\"elementor-element elementor-element-ecabca6 img-fullwidth elementor-widget elementor-widget-image\" data-id=\"ecabca6\" data-element_type=\"widget\" data-widget_type=\"image.default\">\n\t\t\t\t<div class=\"elementor-widget-container\">\n\t\t\t\t\t\t\t\t\t\t\t\t\t\t\t<img loading=\"lazy\" decoding=\"async\" width=\"445\" height=\"629\" src=\"https:\/\/merlinsourcing.com\/wp-content\/uploads\/2025\/02\/MeRLIN-Whitepaper-Strategic-Sourcing-Solution-Comparison-GERMAN-1.jpg\" class=\"attachment-full size-full\" alt=\"\" style=\"width:100%;height:141.35%;max-width:445px\" \/>\t\t\t\t\t\t\t\t\t\t\t\t\t\t\t<\/div>\n\t\t\t\t<\/div>\n\t\t\t\t<\/div>\n\t\t\t\t<div class=\"elementor-column elementor-col-50 elementor-top-column elementor-widget-wrap elementor-element-populated elementor-element elementor-element-1999237\" data-id=\"1999237\" data-element_type=\"column\">\n\t\t\t\t\t\t\t\t\t\t<div class=\"elementor-element elementor-element-04607ba elementor-widget elementor-widget-heading\" data-id=\"04607ba\" data-element_type=\"widget\" data-widget_type=\"heading.default\">\n\t\t\t\t<div class=\"elementor-widget-container\">\n\t\t\t<h2 class=\"elementor-heading-title elementor-size-default\">Es ist an der Zeit, Ihre Strategie zur Digitalisierung der Beschaffung mit fortschrittlichen strategischen Beschaffungsl\u00f6sungen zu \u00fcberdenken. Unser neuestes Whitepaper taucht in die Welt der strategischen Beschaffung ein und bietet Einblicke und Anleitungen, um Ihre Beschaffungsbem\u00fchungen voranzutreiben. Hier erfahren Sie, was es damit auf sich hat:<\/h2>\t\t<\/div>\n\t\t\t\t<\/div>\n\t\t\t\t<div class=\"elementor-element elementor-element-221bf37 elementor-icon-list--layout-traditional elementor-list-item-link-full_width elementor-widget elementor-widget-icon-list\" data-id=\"221bf37\" data-element_type=\"widget\" data-widget_type=\"icon-list.default\">\n\t\t\t\t<div class=\"elementor-widget-container\">\n\t\t\t\t\t<ul class=\"elementor-icon-list-items\">\n\t\t\t\t\t\t\t<li class=\"elementor-icon-list-item\">\n\t\t\t\t\t\t\t\t\t\t\t<span class=\"elementor-icon-list-icon\">\n\t\t\t\t\t\t\t<i aria-hidden=\"true\" class=\"fas fa-check\"><\/i>\t\t\t\t\t\t<\/span>\n\t\t\t\t\t\t\t\t\t\t<span class=\"elementor-icon-list-text\"> Kritische Aspekte von Strategic Sourcing <\/span>\n\t\t\t\t\t\t\t\t\t<\/li>\n\t\t\t\t\t\t\t\t<li class=\"elementor-icon-list-item\">\n\t\t\t\t\t\t\t\t\t\t\t<span class=\"elementor-icon-list-icon\">\n\t\t\t\t\t\t\t<i aria-hidden=\"true\" class=\"fas fa-check\"><\/i>\t\t\t\t\t\t<\/span>\n\t\t\t\t\t\t\t\t\t\t<span class=\"elementor-icon-list-text\">Merkmale der verschiedenen Strategic Sourcing-L\u00f6sungen<\/span>\n\t\t\t\t\t\t\t\t\t<\/li>\n\t\t\t\t\t\t\t\t<li class=\"elementor-icon-list-item\">\n\t\t\t\t\t\t\t\t\t\t\t<span class=\"elementor-icon-list-icon\">\n\t\t\t\t\t\t\t<i aria-hidden=\"true\" class=\"fas fa-check\"><\/i>\t\t\t\t\t\t<\/span>\n\t\t\t\t\t\t\t\t\t\t<span class=\"elementor-icon-list-text\">Die wichtigsten Strategic Sourcing-L\u00f6sungen, die Sie in Betracht ziehen sollten <\/span>\n\t\t\t\t\t\t\t\t\t<\/li>\n\t\t\t\t\t\t\t\t<li class=\"elementor-icon-list-item\">\n\t\t\t\t\t\t\t\t\t\t\t<span class=\"elementor-icon-list-icon\">\n\t\t\t\t\t\t\t<i aria-hidden=\"true\" class=\"fas fa-check\"><\/i>\t\t\t\t\t\t<\/span>\n\t\t\t\t\t\t\t\t\t\t<span class=\"elementor-icon-list-text\">Ein detaillierter Vergleich der wichtigsten Strategic Sourcing-L\u00f6sungen<\/span>\n\t\t\t\t\t\t\t\t\t<\/li>\n\t\t\t\t\t\t\t\t<li class=\"elementor-icon-list-item\">\n\t\t\t\t\t\t\t\t\t\t\t<span class=\"elementor-icon-list-icon\">\n\t\t\t\t\t\t\t<i aria-hidden=\"true\" class=\"fas fa-check\"><\/i>\t\t\t\t\t\t<\/span>\n\t\t\t\t\t\t\t\t\t\t<span class=\"elementor-icon-list-text\"> Auswahl der am besten geeigneten L\u00f6sung f\u00fcr Ihre spezifischen Gesch\u00e4ftsanforderungen <\/span>\n\t\t\t\t\t\t\t\t\t<\/li>\n\t\t\t\t\t\t<\/ul>\n\t\t\t\t<\/div>\n\t\t\t\t<\/div>\n\t\t\t\t<div class=\"elementor-element elementor-element-39d7a3a elementor-widget elementor-widget-heading\" data-id=\"39d7a3a\" data-element_type=\"widget\" data-widget_type=\"heading.default\">\n\t\t\t\t<div class=\"elementor-widget-container\">\n\t\t\t<h2 class=\"elementor-heading-title elementor-size-default\">Lassen Sie Ihre Beschaffungsabteilung nicht ins Hintertreffen geraten. Machen Sie sich die Zukunft der Beschaffung zu eigen, indem Sie unser Whitepaper noch heute lesen und weitergeben. Sch\u00f6pfen Sie das Potenzial f\u00fcr mehr Effizienz und strategischen Erfolg in Ihrem Unternehmen aus. <\/h2>\t\t<\/div>\n\t\t\t\t<\/div>\n\t\t\t\t<div class=\"elementor-element elementor-element-687a1a3 elementor-widget elementor-widget-heading\" data-id=\"687a1a3\" data-element_type=\"widget\" data-widget_type=\"heading.default\">\n\t\t\t\t<div class=\"elementor-widget-container\">\n\t\t\t<h5 class=\"elementor-heading-title elementor-size-default\">Sind Sie bereit, den n\u00e4chsten Schritt zu tun<\/h5>\t\t<\/div>\n\t\t\t\t<\/div>\n\t\t\t\t<div class=\"elementor-element elementor-element-600636b form-sec elementor-widget elementor-widget-shortcode\" data-id=\"600636b\" data-element_type=\"widget\" data-widget_type=\"shortcode.default\">\n\t\t\t\t<div class=\"elementor-widget-container\">\n\t\t\t\t\t<div class=\"elementor-shortcode\">\n<div class=\"wpcf7 no-js\" id=\"wpcf7-f40827-o1\" lang=\"en-GB\" dir=\"ltr\">\n<div class=\"screen-reader-response\"><p role=\"status\" aria-live=\"polite\" aria-atomic=\"true\"><\/p> <ul><\/ul><\/div>\n<form action=\"\/de\/wp-json\/wp\/v2\/pages\/40824#wpcf7-f40827-o1\" method=\"post\" class=\"wpcf7-form init\" aria-label=\"Kontaktformular\" novalidate=\"novalidate\" data-status=\"init\" data-trp-original-action=\"\/de\/wp-json\/wp\/v2\/pages\/40824#wpcf7-f40827-o1\">\n<div style=\"display: none;\">\n<input type=\"hidden\" name=\"_wpcf7\" value=\"40827\" \/>\n<input type=\"hidden\" name=\"_wpcf7_version\" value=\"5.8.5\" \/>\n<input type=\"hidden\" name=\"_wpcf7_locale\" value=\"en_GB\" \/>\n<input type=\"hidden\" name=\"_wpcf7_unit_tag\" value=\"wpcf7-f40827-o1\" \/>\n<input type=\"hidden\" name=\"_wpcf7_container_post\" value=\"0\" \/>\n<input type=\"hidden\" name=\"_wpcf7_posted_data_hash\" value=\"\" \/>\n<input type=\"hidden\" name=\"_wpcf7cf_hidden_group_fields\" value=\"[]\" \/>\n<input type=\"hidden\" name=\"_wpcf7cf_hidden_groups\" value=\"[]\" \/>\n<input type=\"hidden\" name=\"_wpcf7cf_visible_groups\" value=\"[]\" \/>\n<input type=\"hidden\" name=\"_wpcf7cf_repeaters\" value=\"[]\" \/>\n<input type=\"hidden\" name=\"_wpcf7cf_steps\" value=\"{}\" \/>\n<input type=\"hidden\" name=\"_wpcf7cf_options\" value=\"{&quot;form_id&quot;:40827,&quot;conditions&quot;:[],&quot;settings&quot;:{&quot;animation&quot;:&quot;yes&quot;,&quot;animation_intime&quot;:200,&quot;animation_outtime&quot;:200,&quot;conditions_ui&quot;:&quot;normal&quot;,&quot;notice_dismissed&quot;:false}}\" \/>\n<input type=\"hidden\" name=\"honeypot_field_name\" value=\"honeypot_34d160b7_c9e8_472b_ab5c_7b5f3f6477b7\" \/>\n<input type=\"hidden\" name=\"honeypot_34d160b7_c9e8_472b_ab5c_7b5f3f6477b7\" value=\"\" \/>\n<input type=\"hidden\" name=\"cf7_honeypot_timestamp\" value=\"1776760889\" \/>\n<\/div>\n<div class=\"row\">\n\t<div class=\"col-md-12 top-input\">\n\t\t<p><span class=\"wpcf7-form-control-wrap\" data-name=\"leadsquared-mx_Name\"><input size=\"40\" class=\"wpcf7-form-control wpcf7-text wpcf7-validates-as-required mr-input\" aria-required=\"true\" aria-invalid=\"false\" placeholder=\"Ihr vollst\u00e4ndiger Name*\" value=\"\" type=\"text\" name=\"leadsquared-mx_Name\" \/><\/span>\n\t\t<\/p>\n\t<\/div>\n\t<div class=\"col-md-12\">\n\t\t<p><span class=\"wpcf7-form-control-wrap\" data-name=\"leadsquared-EmailAddress\"><input size=\"40\" class=\"wpcf7-form-control wpcf7-email wpcf7-validates-as-required wpcf7-text wpcf7-validates-as-email mr-input\" aria-required=\"true\" aria-invalid=\"false\" placeholder=\"E-Mail ID *\" value=\"\" type=\"email\" name=\"leadsquared-EmailAddress\" \/><\/span>\n\t\t<\/p>\n\t<\/div>\n\t<div class=\"col-md-12\">\n\t\t<p><span class=\"wpcf7-form-control-wrap\" data-name=\"leadsquared-Phone\"><input size=\"40\" class=\"wpcf7-form-control wpcf7-tel wpcf7-text wpcf7-validates-as-tel mr-input\" aria-invalid=\"false\" placeholder=\"Telefon Nummer\" value=\"\" type=\"tel\" name=\"leadsquared-Phone\" \/><\/span>\n\t\t<\/p>\n\t<\/div>\n\t<div class=\"col-md-12\">\n\t\t<p><span class=\"wpcf7-form-control-wrap\" data-name=\"leadsquared-Company\"><input size=\"40\" class=\"wpcf7-form-control wpcf7-text wpcf7-validates-as-required mr-input\" aria-required=\"true\" aria-invalid=\"false\" placeholder=\"Firma*\" value=\"\" type=\"text\" name=\"leadsquared-Company\" \/><\/span>\n\t\t<\/p>\n\t<\/div>\n\t<div class=\"text-center col-md-12\">\n\t\t<p><span class=\"wpcf7-form-control-wrap kc_captcha\" data-name=\"kc_captcha\"><span class=\"wpcf7-form-control wpcf7-radio\"><span class=\"captcha-image\" ><span class=\"cf7ic_instructions\">Bitte beweise, dass du kein Spambot bist und w\u00e4hle das Symbol<span> Schl\u00fcssel<\/span>.<\/span><label><input aria-label=\"1\" type=\"radio\" name=\"kc_captcha\" value=\"bot\" \/><svg aria-hidden=\"true\" role=\"img\" xmlns=\"http:\/\/www.w3.org\/2000\/svg\" viewbox=\"0 0 576 512\"><path fill=\"currentColor\" d=\"M415 24c-53 0-103 42-127 65-24-23-74-65-127-65C70 24 16 77 16 166c0 72 67 133 69 135l187 181c9 8 23 8 32 0l187-180c2-3 69-64 69-136 0-89-54-142-145-142z\"\/><\/svg><\/label><label><input aria-label=\"2\" type=\"radio\" name=\"kc_captcha\" value=\"bot\" \/><svg aria-hidden=\"true\" role=\"img\" xmlns=\"http:\/\/www.w3.org\/2000\/svg\" viewbox=\"0 0 640 512\"><path fill=\"currentColor\" d=\"M192 384h192c53 0 96-43 96-96h32a128 128 0 000-256H120c-13 0-24 11-24 24v232c0 53 43 96 96 96zM512 96a64 64 0 010 128h-32V96h32zm48 384H48c-47 0-61-64-36-64h584c25 0 11 64-36 64z\"\/><\/svg><\/label><label><input aria-label=\"3\" type=\"radio\" name=\"kc_captcha\" value=\"kc_human\" \/><svg aria-hidden=\"true\" role=\"img\" xmlns=\"http:\/\/www.w3.org\/2000\/svg\" viewbox=\"0 0 512 512\"><path fill=\"currentColor\" d=\"M512 176a176 176 0 01-209 173l-24 27a24 24 0 01-18 8h-37v40c0 13-11 24-24 24h-40v40c0 13-11 24-24 24H24c-13 0-24-11-24-24v-78c0-6 3-13 7-17l162-162a176 176 0 11343-55zm-176-48a48 48 0 1096 0 48 48 0 00-96 0z\"\/><\/svg><\/label>\r\n    <\/span>\r\n    <span style=\"display:none\">\r\n        <input type=\"text\" name=\"kc_honeypot\">\r\n    <\/span><\/span><\/span>\n\t\t<\/p>\n\t<\/div>\n\t<div class=\"col-md-12 text-center\">\n\t\t<center>\n\t\t\t<p><input class=\"wpcf7-form-control wpcf7-submit has-spinner mr-submit-btn\" id=\"tracking\" type=\"submit\" value=\"Jetzt downloaden\" \/>\n\t\t\t<\/p>\n\t\t<\/center>\n\t<\/div>\n\t<div style=\"display:none\">\n\t\t<p>[tracking]<br \/>\n<span class=\"wpcf7-form-control-wrap\" data-name=\"leadsquared-mx_CF_source\"><input size=\"40\" class=\"wpcf7-form-control wpcf7-text\" aria-invalid=\"false\" value=\"contact-form\" type=\"text\" name=\"leadsquared-mx_CF_source\" \/><\/span>\n\t\t<\/p>\n\t<\/div>\n<\/div><input type='hidden' class='wpcf7-pum' value='{\"closepopup\":false,\"closedelay\":0,\"openpopup\":false,\"openpopup_id\":0}' \/><div class=\"wpcf7-response-output\" aria-hidden=\"true\"><\/div>\n<input type=\"hidden\" name=\"trp-form-language\" value=\"de\"\/><\/form>\n<\/div>\n<\/div>\n\t\t\t\t<\/div>\n\t\t\t\t<\/div>\n\t\t\t\t<\/div>\n\t\t\t\t\t\t\t<\/div>\n\t\t<\/section>\n\t\t\t\t\t\t<\/div>\n\t\t\t\t\t<\/div>","protected":false},"excerpt":{"rendered":"<p>Home Whitepaper Ihr Leitfaden zur Auswahl der richtigen strategischen Beschaffungsl\u00f6sung Whitepaper: Ihr Leitfaden zur Auswahl der richtigen strategischen Beschaffungsl\u00f6sung Es ist an der Zeit, Ihre Strategie zur Digitalisierung der Beschaffung mit fortschrittlichen strategischen Beschaffungsl\u00f6sungen zu \u00fcberdenken. Unser neuestes Whitepaper taucht in die Welt der strategischen Beschaffung ein und bietet Einblicke und Anleitungen, um Ihre Beschaffungsbem\u00fchungen&hellip; <a class=\"more-link\" href=\"https:\/\/merlinsourcing.com\/de\/whitepaper\/choosing-your-strategic-sourcing-and-procurement-solution-de\/\"><span class=\"screen-reader-text\">Choosing your strategic sourcing and Procurement Solution de<\/span> weiterlesen<\/a><\/p>","protected":false},"author":17,"featured_media":0,"parent":19754,"menu_order":0,"comment_status":"closed","ping_status":"closed","template":"elementor_header_footer","meta":{"footnotes":""},"class_list":["post-40824","page","type-page","status-publish","hentry","entry"],"yoast_head":"<!-- This site is optimized with the Yoast SEO Premium plugin v24.4 (Yoast SEO v21.7) - https:\/\/yoast.com\/wordpress\/plugins\/seo\/ -->\n<title>Choosing your strategic sourcing and Procurement Solution de - MeRLIN\u202f<\/title>\n<meta name=\"robots\" content=\"index, follow, max-snippet:-1, max-image-preview:large, max-video-preview:-1\" \/>\n<link rel=\"canonical\" href=\"https:\/\/merlinsourcing.com\/de\/whitepaper\/choosing-your-strategic-sourcing-and-procurement-solution-de\/\" \/>\n<meta property=\"og:locale\" content=\"de_DE\" \/>\n<meta property=\"og:type\" content=\"article\" \/>\n<meta property=\"og:title\" content=\"Choosing your strategic sourcing and Procurement Solution de - MeRLIN\u202f\" \/>\n<meta property=\"og:description\" content=\"Home Whitepaper Ihr Leitfaden zur Auswahl der richtigen strategischen Beschaffungsl\u00f6sung Whitepaper: Ihr Leitfaden zur Auswahl der richtigen strategischen Beschaffungsl\u00f6sung Es ist an der Zeit, Ihre Strategie zur Digitalisierung der Beschaffung mit fortschrittlichen strategischen Beschaffungsl\u00f6sungen zu \u00fcberdenken. Unser neuestes Whitepaper taucht in die Welt der strategischen Beschaffung ein und bietet Einblicke und Anleitungen, um Ihre Beschaffungsbem\u00fchungen&hellip; Choosing your strategic sourcing and Procurement Solution de weiterlesen\" \/>\n<meta property=\"og:url\" content=\"https:\/\/merlinsourcing.com\/de\/whitepaper\/choosing-your-strategic-sourcing-and-procurement-solution-de\/\" \/>\n<meta property=\"og:site_name\" content=\"MeRLIN\u202f\" \/>\n<meta property=\"article:publisher\" content=\"https:\/\/www.facebook.com\/MeRLINstrategicsourcing\" \/>\n<meta property=\"article:modified_time\" content=\"2025-02-24T07:50:05+00:00\" \/>\n<meta property=\"og:image\" content=\"https:\/\/merlinsourcing.com\/wp-content\/uploads\/2025\/02\/MeRLIN-Whitepaper-Strategic-Sourcing-Solution-Comparison-GERMAN-1.jpg\" \/>\n<meta name=\"twitter:card\" content=\"summary_large_image\" \/>\n<meta name=\"twitter:site\" content=\"@MeRLINsourcing\" \/>\n<meta name=\"twitter:label1\" content=\"Gesch\u00e4tzte Lesezeit\" \/>\n\t<meta name=\"twitter:data1\" content=\"1 minute\" \/>\n<script type=\"application\/ld+json\" class=\"yoast-schema-graph\">{\"@context\":\"https:\/\/schema.org\",\"@graph\":[{\"@type\":\"WebPage\",\"@id\":\"https:\/\/merlinsourcing.com\/de\/whitepaper\/choosing-your-strategic-sourcing-and-procurement-solution-de\/\",\"url\":\"https:\/\/merlinsourcing.com\/de\/whitepaper\/choosing-your-strategic-sourcing-and-procurement-solution-de\/\",\"name\":\"Choosing your strategic sourcing and Procurement Solution de - MeRLIN\u202f\",\"isPartOf\":{\"@id\":\"https:\/\/merlinsourcing.com\/de\/#website\"},\"datePublished\":\"2025-02-24T06:00:29+00:00\",\"dateModified\":\"2025-02-24T07:50:05+00:00\",\"breadcrumb\":{\"@id\":\"https:\/\/merlinsourcing.com\/de\/whitepaper\/choosing-your-strategic-sourcing-and-procurement-solution-de\/#breadcrumb\"},\"inLanguage\":\"de-DE\",\"potentialAction\":[{\"@type\":\"ReadAction\",\"target\":[\"https:\/\/merlinsourcing.com\/de\/whitepaper\/choosing-your-strategic-sourcing-and-procurement-solution-de\/\"]}]},{\"@type\":\"BreadcrumbList\",\"@id\":\"https:\/\/merlinsourcing.com\/de\/whitepaper\/choosing-your-strategic-sourcing-and-procurement-solution-de\/#breadcrumb\",\"itemListElement\":[{\"@type\":\"ListItem\",\"position\":1,\"name\":\"Home\",\"item\":\"https:\/\/merlinsourcing.com\/\"},{\"@type\":\"ListItem\",\"position\":2,\"name\":\"whitepaper\",\"item\":\"https:\/\/merlinsourcing.com\/de\/whitepaper\/\"},{\"@type\":\"ListItem\",\"position\":3,\"name\":\"Choosing your strategic sourcing and Procurement Solution de\"}]},{\"@type\":\"WebSite\",\"@id\":\"https:\/\/merlinsourcing.com\/de\/#website\",\"url\":\"https:\/\/merlinsourcing.com\/de\/\",\"name\":\"MeRLIN\u202f\",\"description\":\"Strategic Sourcing Simplified\",\"publisher\":{\"@id\":\"https:\/\/merlinsourcing.com\/de\/#organization\"},\"potentialAction\":[{\"@type\":\"SearchAction\",\"target\":{\"@type\":\"EntryPoint\",\"urlTemplate\":\"https:\/\/merlinsourcing.com\/de\/?s={search_term_string}\"},\"query-input\":\"required name=search_term_string\"}],\"inLanguage\":\"de-DE\"},{\"@type\":\"Organization\",\"@id\":\"https:\/\/merlinsourcing.com\/de\/#organization\",\"name\":\"MeRLIN\u202f\",\"url\":\"https:\/\/merlinsourcing.com\/de\/\",\"logo\":{\"@type\":\"ImageObject\",\"inLanguage\":\"de-DE\",\"@id\":\"https:\/\/merlinsourcing.com\/de\/#\/schema\/logo\/image\/\",\"url\":\"\",\"contentUrl\":\"\",\"caption\":\"MeRLIN\u202f\"},\"image\":{\"@id\":\"https:\/\/merlinsourcing.com\/de\/#\/schema\/logo\/image\/\"},\"sameAs\":[\"https:\/\/www.facebook.com\/MeRLINstrategicsourcing\",\"https:\/\/twitter.com\/MeRLINsourcing\"]}]}<\/script>\n<!-- \/ Yoast SEO Premium plugin. -->","yoast_head_json":{"title":"Choosing your strategic sourcing and Procurement Solution de - MeRLIN\u202f","robots":{"index":"index","follow":"follow","max-snippet":"max-snippet:-1","max-image-preview":"max-image-preview:large","max-video-preview":"max-video-preview:-1"},"canonical":"https:\/\/merlinsourcing.com\/de\/whitepaper\/choosing-your-strategic-sourcing-and-procurement-solution-de\/","og_locale":"de_DE","og_type":"article","og_title":"Choosing your strategic sourcing and Procurement Solution de - MeRLIN\u202f","og_description":"Home Whitepaper Ihr Leitfaden zur Auswahl der richtigen strategischen Beschaffungsl\u00f6sung Whitepaper: Ihr Leitfaden zur Auswahl der richtigen strategischen Beschaffungsl\u00f6sung Es ist an der Zeit, Ihre Strategie zur Digitalisierung der Beschaffung mit fortschrittlichen strategischen Beschaffungsl\u00f6sungen zu \u00fcberdenken. Unser neuestes Whitepaper taucht in die Welt der strategischen Beschaffung ein und bietet Einblicke und Anleitungen, um Ihre Beschaffungsbem\u00fchungen&hellip; Choosing your strategic sourcing and Procurement Solution de weiterlesen","og_url":"https:\/\/merlinsourcing.com\/de\/whitepaper\/choosing-your-strategic-sourcing-and-procurement-solution-de\/","og_site_name":"MeRLIN\u202f","article_publisher":"https:\/\/www.facebook.com\/MeRLINstrategicsourcing","article_modified_time":"2025-02-24T07:50:05+00:00","og_image":[{"url":"https:\/\/merlinsourcing.com\/wp-content\/uploads\/2025\/02\/MeRLIN-Whitepaper-Strategic-Sourcing-Solution-Comparison-GERMAN-1.jpg"}],"twitter_card":"summary_large_image","twitter_site":"@MeRLINsourcing","twitter_misc":{"Gesch\u00e4tzte Lesezeit":"1 minute"},"schema":{"@context":"https:\/\/schema.org","@graph":[{"@type":"WebPage","@id":"https:\/\/merlinsourcing.com\/de\/whitepaper\/choosing-your-strategic-sourcing-and-procurement-solution-de\/","url":"https:\/\/merlinsourcing.com\/de\/whitepaper\/choosing-your-strategic-sourcing-and-procurement-solution-de\/","name":"Choosing your strategic sourcing and Procurement Solution de - MeRLIN\u202f","isPartOf":{"@id":"https:\/\/merlinsourcing.com\/de\/#website"},"datePublished":"2025-02-24T06:00:29+00:00","dateModified":"2025-02-24T07:50:05+00:00","breadcrumb":{"@id":"https:\/\/merlinsourcing.com\/de\/whitepaper\/choosing-your-strategic-sourcing-and-procurement-solution-de\/#breadcrumb"},"inLanguage":"de-DE","potentialAction":[{"@type":"ReadAction","target":["https:\/\/merlinsourcing.com\/de\/whitepaper\/choosing-your-strategic-sourcing-and-procurement-solution-de\/"]}]},{"@type":"BreadcrumbList","@id":"https:\/\/merlinsourcing.com\/de\/whitepaper\/choosing-your-strategic-sourcing-and-procurement-solution-de\/#breadcrumb","itemListElement":[{"@type":"ListItem","position":1,"name":"Home","item":"https:\/\/merlinsourcing.com\/"},{"@type":"ListItem","position":2,"name":"whitepaper","item":"https:\/\/merlinsourcing.com\/de\/whitepaper\/"},{"@type":"ListItem","position":3,"name":"Choosing your strategic sourcing and Procurement Solution de"}]},{"@type":"WebSite","@id":"https:\/\/merlinsourcing.com\/de\/#website","url":"https:\/\/merlinsourcing.com\/de\/","name":"MeRLIN\u202f","description":"Strategic Sourcing Simplified","publisher":{"@id":"https:\/\/merlinsourcing.com\/de\/#organization"},"potentialAction":[{"@type":"SearchAction","target":{"@type":"EntryPoint","urlTemplate":"https:\/\/merlinsourcing.com\/de\/?s={search_term_string}"},"query-input":"required name=search_term_string"}],"inLanguage":"de-DE"},{"@type":"Organization","@id":"https:\/\/merlinsourcing.com\/de\/#organization","name":"MeRLIN\u202f","url":"https:\/\/merlinsourcing.com\/de\/","logo":{"@type":"ImageObject","inLanguage":"de-DE","@id":"https:\/\/merlinsourcing.com\/de\/#\/schema\/logo\/image\/","url":"","contentUrl":"","caption":"MeRLIN\u202f"},"image":{"@id":"https:\/\/merlinsourcing.com\/de\/#\/schema\/logo\/image\/"},"sameAs":["https:\/\/www.facebook.com\/MeRLINstrategicsourcing","https:\/\/twitter.com\/MeRLINsourcing"]}]}},"_links":{"self":[{"href":"https:\/\/merlinsourcing.com\/de\/wp-json\/wp\/v2\/pages\/40824"}],"collection":[{"href":"https:\/\/merlinsourcing.com\/de\/wp-json\/wp\/v2\/pages"}],"about":[{"href":"https:\/\/merlinsourcing.com\/de\/wp-json\/wp\/v2\/types\/page"}],"author":[{"embeddable":true,"href":"https:\/\/merlinsourcing.com\/de\/wp-json\/wp\/v2\/users\/17"}],"replies":[{"embeddable":true,"href":"https:\/\/merlinsourcing.com\/de\/wp-json\/wp\/v2\/comments?post=40824"}],"version-history":[{"count":7,"href":"https:\/\/merlinsourcing.com\/de\/wp-json\/wp\/v2\/pages\/40824\/revisions"}],"predecessor-version":[{"id":40836,"href":"https:\/\/merlinsourcing.com\/de\/wp-json\/wp\/v2\/pages\/40824\/revisions\/40836"}],"up":[{"embeddable":true,"href":"https:\/\/merlinsourcing.com\/de\/wp-json\/wp\/v2\/pages\/19754"}],"wp:attachment":[{"href":"https:\/\/merlinsourcing.com\/de\/wp-json\/wp\/v2\/media?parent=40824"}],"curies":[{"name":"wp","href":"https:\/\/api.w.org\/{rel}","templated":true}]}}