{"id":34640,"date":"2023-08-01T11:56:25","date_gmt":"2023-08-01T11:56:25","guid":{"rendered":"https:\/\/merlinsourcing.com\/?page_id=34640"},"modified":"2026-03-23T11:52:28","modified_gmt":"2026-03-23T11:52:28","slug":"security-policy","status":"publish","type":"page","link":"https:\/\/merlinsourcing.com\/de\/security-policy\/","title":{"rendered":"Security Policy"},"content":{"rendered":"<div data-elementor-type=\"wp-page\" data-elementor-id=\"34640\" class=\"elementor elementor-34640\" data-elementor-settings=\"[]\">\n\t\t\t\t\t\t\t<div class=\"elementor-section-wrap\">\n\t\t\t\t\t\t\t<section class=\"elementor-section elementor-top-section elementor-element elementor-element-d2df914 elementor-section-boxed elementor-section-height-default elementor-section-height-default\" data-id=\"d2df914\" data-element_type=\"section\" data-settings=\"{&quot;background_background&quot;:&quot;classic&quot;}\">\n\t\t\t\t\t\t<div class=\"elementor-container elementor-column-gap-default\">\n\t\t\t\t\t<div class=\"elementor-column elementor-col-100 elementor-top-column elementor-widget-wrap elementor-element-populated elementor-element elementor-element-98c734b\" data-id=\"98c734b\" data-element_type=\"column\">\n\t\t\t\t\t\t\t\t\t\t<div class=\"elementor-element elementor-element-ba7d73e elementor-icon-list--layout-inline elementor-list-item-link-inline breadcrumbs-last elementor-widget elementor-widget-icon-list\" data-id=\"ba7d73e\" data-element_type=\"widget\" data-widget_type=\"icon-list.default\">\n\t\t\t\t<div class=\"elementor-widget-container\">\n\t\t\t\t\t<ul class=\"elementor-icon-list-items elementor-inline-items\">\n\t\t\t\t\t\t\t<li class=\"elementor-icon-list-item elementor-inline-item\">\n\t\t\t\t\t\t\t\t\t\t\t<a href=\"https:\/\/merlinsourcing.com\/de\/\">\n\n\t\t\t\t\t\t\t\t\t\t\t<span class=\"elementor-icon-list-text\">Home<\/span>\n\t\t\t\t\t\t\t\t\t\t\t<\/a>\n\t\t\t\t\t\t\t\t\t<\/li>\n\t\t\t\t\t\t\t\t<li class=\"elementor-icon-list-item elementor-inline-item\">\n\t\t\t\t\t\t\t\t\t\t\t<span class=\"elementor-icon-list-icon\">\n\t\t\t\t\t\t\t<i aria-hidden=\"true\" class=\"fas fa-chevron-right\"><\/i>\t\t\t\t\t\t<\/span>\n\t\t\t\t\t\t\t\t\t\t<span class=\"elementor-icon-list-text\">Security Policy<\/span>\n\t\t\t\t\t\t\t\t\t<\/li>\n\t\t\t\t\t\t<\/ul>\n\t\t\t\t<\/div>\n\t\t\t\t<\/div>\n\t\t\t\t<\/div>\n\t\t\t\t\t\t\t<\/div>\n\t\t<\/section>\n\t\t\t\t<section class=\"elementor-section elementor-top-section elementor-element elementor-element-cd9382a elementor-section-boxed elementor-section-height-default elementor-section-height-default\" data-id=\"cd9382a\" data-element_type=\"section\">\n\t\t\t\t\t\t<div class=\"elementor-container elementor-column-gap-default\">\n\t\t\t\t\t<div class=\"elementor-column elementor-col-100 elementor-top-column elementor-widget-wrap elementor-element-populated elementor-element elementor-element-70d5bcd\" data-id=\"70d5bcd\" data-element_type=\"column\">\n\t\t\t\t\t\t\t\t\t\t<div class=\"elementor-element elementor-element-b6aff50 mr-text-head elementor-widget elementor-widget-heading\" data-id=\"b6aff50\" data-element_type=\"widget\" data-widget_type=\"heading.default\">\n\t\t\t\t<div class=\"elementor-widget-container\">\n\t\t\t<h2 class=\"elementor-heading-title elementor-size-default\">Richtlinien zur Informationssicherheit<\/h2>\t\t<\/div>\n\t\t\t\t<\/div>\n\t\t\t\t<div class=\"elementor-element elementor-element-3921bed mr-text-color elementor-widget elementor-widget-heading\" data-id=\"3921bed\" data-element_type=\"widget\" data-widget_type=\"heading.default\">\n\t\t\t\t<div class=\"elementor-widget-container\">\n\t\t\t<p class=\"elementor-heading-title elementor-size-default\">Informationen sind ein wichtiges Gut f\u00fcr <strong>MeRLIN<\/strong>. Es ist von entscheidender Bedeutung, dass alle Informationen privat, korrekt und verf\u00fcgbar sind, um den gesch\u00e4ftlichen Anforderungen sowie den gesetzlichen und beh\u00f6rdlichen Anforderungen zu entsprechen.<\/p>\t\t<\/div>\n\t\t\t\t<\/div>\n\t\t\t\t<div class=\"elementor-element elementor-element-527bdde mr-text-color elementor-widget elementor-widget-heading\" data-id=\"527bdde\" data-element_type=\"widget\" data-widget_type=\"heading.default\">\n\t\t\t\t<div class=\"elementor-widget-container\">\n\t\t\t<p class=\"elementor-heading-title elementor-size-default\">Jeder <strong>MeRLIN<\/strong> mitarbeiter muss sich der Notwendigkeit der Informationssicherheit bewusst sein und sich f\u00fcr die Wahrung dieser Sicherheit einsetzen.<\/p>\t\t<\/div>\n\t\t\t\t<\/div>\n\t\t\t\t<div class=\"elementor-element elementor-element-6e96c5f mr-text-color elementor-widget elementor-widget-heading\" data-id=\"6e96c5f\" data-element_type=\"widget\" data-widget_type=\"heading.default\">\n\t\t\t\t<div class=\"elementor-widget-container\">\n\t\t\t<p class=\"elementor-heading-title elementor-size-default\">Die Ziele solcher Informationssicherheitsma\u00dfnahmen sind die Gew\u00e4hrleistung eines angemessenen Niveaus an Vertraulichkeit, Integrit\u00e4t, Verf\u00fcgbarkeit und Nichtabstreitbarkeit f\u00fcr alle vom Unternehmen verwendeten Informationen.<\/p>\t\t<\/div>\n\t\t\t\t<\/div>\n\t\t\t\t<div class=\"elementor-element elementor-element-9f8eded mr-text-color elementor-widget elementor-widget-heading\" data-id=\"9f8eded\" data-element_type=\"widget\" data-widget_type=\"heading.default\">\n\t\t\t\t<div class=\"elementor-widget-container\">\n\t\t\t<p class=\"elementor-heading-title elementor-size-default\"><strong>MeRLIN<\/strong> ist f\u00fcr die Sicherheit aller seiner Gesch\u00e4ftsinformationen verantwortlich. MeRLIN implementiert und unterh\u00e4lt angemessene Ma\u00dfnahmen zur Informationssicherheit, die auf dem Risiko f\u00fcr das Unternehmen basieren.<\/p>\t\t<\/div>\n\t\t\t\t<\/div>\n\t\t\t\t<div class=\"elementor-element elementor-element-5ff909e mr-text-color elementor-widget elementor-widget-heading\" data-id=\"5ff909e\" data-element_type=\"widget\" data-widget_type=\"heading.default\">\n\t\t\t\t<div class=\"elementor-widget-container\">\n\t\t\t<p class=\"elementor-heading-title elementor-size-default\"><strong>MeRLIN<\/strong> verpflichtet sich, alle Vorf\u00e4lle, die Auswirkungen auf die Informationssicherheit haben, zu identifizieren, zu bearbeiten und zu melden und die Informationssicherheit im Rahmen des Business Continuity Management zu ber\u00fccksichtigen.<\/p>\t\t<\/div>\n\t\t\t\t<\/div>\n\t\t\t\t<div class=\"elementor-element elementor-element-d6c19d9 mr-text-color elementor-widget elementor-widget-heading\" data-id=\"d6c19d9\" data-element_type=\"widget\" data-widget_type=\"heading.default\">\n\t\t\t\t<div class=\"elementor-widget-container\">\n\t\t\t<p class=\"elementor-heading-title elementor-size-default\"><strong>MeRLIN<\/strong> verpflichtet sich, sein Management der Informationssicherheit kontinuierlich zu verbessern.<\/p>\t\t<\/div>\n\t\t\t\t<\/div>\n\t\t\t\t<div class=\"elementor-element elementor-element-0b1352a mr-text-color elementor-widget elementor-widget-heading\" data-id=\"0b1352a\" data-element_type=\"widget\" data-widget_type=\"heading.default\">\n\t\t\t\t<div class=\"elementor-widget-container\">\n\t\t\t<p class=\"elementor-heading-title elementor-size-default\">Das System erf\u00fcllt alle geltenden gesetzlichen und beh\u00f6rdlichen Anforderungen in Bezug auf die Informationssicherheit, einschlie\u00dflich der Norm ISO 27001.<\/p>\t\t<\/div>\n\t\t\t\t<\/div>\n\t\t\t\t<\/div>\n\t\t\t\t\t\t\t<\/div>\n\t\t<\/section>\n\t\t\t\t\t\t<\/div>\n\t\t\t\t\t<\/div>","protected":false},"excerpt":{"rendered":"<p>Home Security Policy Information Security Policy Information is an essential asset for MeRLIN. It is crucial that all information is private, accurate and available, as appropriate to meet business needs, as well as legal and regulatory requirements. Each MeRLIN employee shall be aware of the need for security of information and shall act to preserve&hellip; <a class=\"more-link\" href=\"https:\/\/merlinsourcing.com\/de\/security-policy\/\"><span class=\"screen-reader-text\">Security Policy<\/span> weiterlesen<\/a><\/p>","protected":false},"author":17,"featured_media":0,"parent":0,"menu_order":0,"comment_status":"closed","ping_status":"closed","template":"elementor_header_footer","meta":{"footnotes":""},"class_list":["post-34640","page","type-page","status-publish","hentry","entry"],"yoast_head":"<!-- This site is optimized with the Yoast SEO Premium plugin v24.4 (Yoast SEO v21.7) - https:\/\/yoast.com\/wordpress\/plugins\/seo\/ -->\n<title>Security Policy | MeRLIN Sourcing<\/title>\n<meta name=\"description\" content=\"Learn how MeRLIN Sourcing ensures information security through policies that protect data confidentiality, integrity, and availability across its systems.\" \/>\n<meta name=\"robots\" content=\"index, follow, max-snippet:-1, max-image-preview:large, max-video-preview:-1\" \/>\n<link rel=\"canonical\" href=\"https:\/\/merlinsourcing.com\/de\/security-policy\/\" \/>\n<meta property=\"og:locale\" content=\"de_DE\" \/>\n<meta property=\"og:type\" content=\"article\" \/>\n<meta property=\"og:title\" content=\"Security Policy | MeRLIN Sourcing\" \/>\n<meta property=\"og:description\" content=\"Learn how MeRLIN Sourcing ensures information security through policies that protect data confidentiality, integrity, and availability across its systems.\" \/>\n<meta property=\"og:url\" content=\"https:\/\/merlinsourcing.com\/de\/security-policy\/\" \/>\n<meta property=\"og:site_name\" content=\"MeRLIN\u202f\" \/>\n<meta property=\"article:publisher\" content=\"https:\/\/www.facebook.com\/MeRLINstrategicsourcing\" \/>\n<meta property=\"article:modified_time\" content=\"2026-03-23T11:52:28+00:00\" \/>\n<meta property=\"og:image\" content=\"https:\/\/merlinsourcing.com\/wp-content\/uploads\/2022\/12\/merlin.jpg\" \/>\n\t<meta property=\"og:image:width\" content=\"964\" \/>\n\t<meta property=\"og:image:height\" content=\"600\" \/>\n\t<meta property=\"og:image:type\" content=\"image\/jpeg\" \/>\n<meta name=\"twitter:card\" content=\"summary_large_image\" \/>\n<meta name=\"twitter:site\" content=\"@MeRLINsourcing\" \/>\n<meta name=\"twitter:label1\" content=\"Gesch\u00e4tzte Lesezeit\" \/>\n\t<meta name=\"twitter:data1\" content=\"1 minute\" \/>\n<script type=\"application\/ld+json\" class=\"yoast-schema-graph\">{\"@context\":\"https:\/\/schema.org\",\"@graph\":[{\"@type\":\"WebPage\",\"@id\":\"https:\/\/merlinsourcing.com\/de\/security-policy\/\",\"url\":\"https:\/\/merlinsourcing.com\/de\/security-policy\/\",\"name\":\"Security Policy | MeRLIN Sourcing\",\"isPartOf\":{\"@id\":\"https:\/\/merlinsourcing.com\/de\/#website\"},\"datePublished\":\"2023-08-01T11:56:25+00:00\",\"dateModified\":\"2026-03-23T11:52:28+00:00\",\"description\":\"Learn how MeRLIN Sourcing ensures information security through policies that protect data confidentiality, integrity, and availability across its systems.\",\"breadcrumb\":{\"@id\":\"https:\/\/merlinsourcing.com\/de\/security-policy\/#breadcrumb\"},\"inLanguage\":\"de-DE\",\"potentialAction\":[{\"@type\":\"ReadAction\",\"target\":[\"https:\/\/merlinsourcing.com\/de\/security-policy\/\"]}]},{\"@type\":\"BreadcrumbList\",\"@id\":\"https:\/\/merlinsourcing.com\/de\/security-policy\/#breadcrumb\",\"itemListElement\":[{\"@type\":\"ListItem\",\"position\":1,\"name\":\"Home\",\"item\":\"https:\/\/merlinsourcing.com\/\"},{\"@type\":\"ListItem\",\"position\":2,\"name\":\"Security Policy\"}]},{\"@type\":\"WebSite\",\"@id\":\"https:\/\/merlinsourcing.com\/de\/#website\",\"url\":\"https:\/\/merlinsourcing.com\/de\/\",\"name\":\"MeRLIN\u202f\",\"description\":\"Strategic Sourcing Simplified\",\"publisher\":{\"@id\":\"https:\/\/merlinsourcing.com\/de\/#organization\"},\"potentialAction\":[{\"@type\":\"SearchAction\",\"target\":{\"@type\":\"EntryPoint\",\"urlTemplate\":\"https:\/\/merlinsourcing.com\/de\/?s={search_term_string}\"},\"query-input\":\"required name=search_term_string\"}],\"inLanguage\":\"de-DE\"},{\"@type\":\"Organization\",\"@id\":\"https:\/\/merlinsourcing.com\/de\/#organization\",\"name\":\"MeRLIN\u202f\",\"url\":\"https:\/\/merlinsourcing.com\/de\/\",\"logo\":{\"@type\":\"ImageObject\",\"inLanguage\":\"de-DE\",\"@id\":\"https:\/\/merlinsourcing.com\/de\/#\/schema\/logo\/image\/\",\"url\":\"\",\"contentUrl\":\"\",\"caption\":\"MeRLIN\u202f\"},\"image\":{\"@id\":\"https:\/\/merlinsourcing.com\/de\/#\/schema\/logo\/image\/\"},\"sameAs\":[\"https:\/\/www.facebook.com\/MeRLINstrategicsourcing\",\"https:\/\/twitter.com\/MeRLINsourcing\"]}]}<\/script>\n<!-- \/ Yoast SEO Premium plugin. -->","yoast_head_json":{"title":"Security Policy | MeRLIN Sourcing","description":"Learn how MeRLIN Sourcing ensures information security through policies that protect data confidentiality, integrity, and availability across its systems.","robots":{"index":"index","follow":"follow","max-snippet":"max-snippet:-1","max-image-preview":"max-image-preview:large","max-video-preview":"max-video-preview:-1"},"canonical":"https:\/\/merlinsourcing.com\/de\/security-policy\/","og_locale":"de_DE","og_type":"article","og_title":"Security Policy | MeRLIN Sourcing","og_description":"Learn how MeRLIN Sourcing ensures information security through policies that protect data confidentiality, integrity, and availability across its systems.","og_url":"https:\/\/merlinsourcing.com\/de\/security-policy\/","og_site_name":"MeRLIN\u202f","article_publisher":"https:\/\/www.facebook.com\/MeRLINstrategicsourcing","article_modified_time":"2026-03-23T11:52:28+00:00","og_image":[{"width":964,"height":600,"url":"https:\/\/merlinsourcing.com\/wp-content\/uploads\/2022\/12\/merlin.jpg","type":"image\/jpeg"}],"twitter_card":"summary_large_image","twitter_site":"@MeRLINsourcing","twitter_misc":{"Gesch\u00e4tzte Lesezeit":"1 minute"},"schema":{"@context":"https:\/\/schema.org","@graph":[{"@type":"WebPage","@id":"https:\/\/merlinsourcing.com\/de\/security-policy\/","url":"https:\/\/merlinsourcing.com\/de\/security-policy\/","name":"Security Policy | MeRLIN Sourcing","isPartOf":{"@id":"https:\/\/merlinsourcing.com\/de\/#website"},"datePublished":"2023-08-01T11:56:25+00:00","dateModified":"2026-03-23T11:52:28+00:00","description":"Learn how MeRLIN Sourcing ensures information security through policies that protect data confidentiality, integrity, and availability across its systems.","breadcrumb":{"@id":"https:\/\/merlinsourcing.com\/de\/security-policy\/#breadcrumb"},"inLanguage":"de-DE","potentialAction":[{"@type":"ReadAction","target":["https:\/\/merlinsourcing.com\/de\/security-policy\/"]}]},{"@type":"BreadcrumbList","@id":"https:\/\/merlinsourcing.com\/de\/security-policy\/#breadcrumb","itemListElement":[{"@type":"ListItem","position":1,"name":"Home","item":"https:\/\/merlinsourcing.com\/"},{"@type":"ListItem","position":2,"name":"Security Policy"}]},{"@type":"WebSite","@id":"https:\/\/merlinsourcing.com\/de\/#website","url":"https:\/\/merlinsourcing.com\/de\/","name":"MeRLIN\u202f","description":"Strategic Sourcing Simplified","publisher":{"@id":"https:\/\/merlinsourcing.com\/de\/#organization"},"potentialAction":[{"@type":"SearchAction","target":{"@type":"EntryPoint","urlTemplate":"https:\/\/merlinsourcing.com\/de\/?s={search_term_string}"},"query-input":"required name=search_term_string"}],"inLanguage":"de-DE"},{"@type":"Organization","@id":"https:\/\/merlinsourcing.com\/de\/#organization","name":"MeRLIN\u202f","url":"https:\/\/merlinsourcing.com\/de\/","logo":{"@type":"ImageObject","inLanguage":"de-DE","@id":"https:\/\/merlinsourcing.com\/de\/#\/schema\/logo\/image\/","url":"","contentUrl":"","caption":"MeRLIN\u202f"},"image":{"@id":"https:\/\/merlinsourcing.com\/de\/#\/schema\/logo\/image\/"},"sameAs":["https:\/\/www.facebook.com\/MeRLINstrategicsourcing","https:\/\/twitter.com\/MeRLINsourcing"]}]}},"_links":{"self":[{"href":"https:\/\/merlinsourcing.com\/de\/wp-json\/wp\/v2\/pages\/34640"}],"collection":[{"href":"https:\/\/merlinsourcing.com\/de\/wp-json\/wp\/v2\/pages"}],"about":[{"href":"https:\/\/merlinsourcing.com\/de\/wp-json\/wp\/v2\/types\/page"}],"author":[{"embeddable":true,"href":"https:\/\/merlinsourcing.com\/de\/wp-json\/wp\/v2\/users\/17"}],"replies":[{"embeddable":true,"href":"https:\/\/merlinsourcing.com\/de\/wp-json\/wp\/v2\/comments?post=34640"}],"version-history":[{"count":8,"href":"https:\/\/merlinsourcing.com\/de\/wp-json\/wp\/v2\/pages\/34640\/revisions"}],"predecessor-version":[{"id":43101,"href":"https:\/\/merlinsourcing.com\/de\/wp-json\/wp\/v2\/pages\/34640\/revisions\/43101"}],"wp:attachment":[{"href":"https:\/\/merlinsourcing.com\/de\/wp-json\/wp\/v2\/media?parent=34640"}],"curies":[{"name":"wp","href":"https:\/\/api.w.org\/{rel}","templated":true}]}}